{"id":353,"date":"2025-06-26T20:49:02","date_gmt":"2025-06-26T20:49:02","guid":{"rendered":"https:\/\/galrinho.art\/?page_id=353"},"modified":"2025-06-26T20:49:02","modified_gmt":"2025-06-26T20:49:02","slug":"violino-em-pau-santo-e-cedro-do-canada","status":"publish","type":"page","link":"https:\/\/galrinho.art\/index.php\/violino-em-pau-santo-e-cedro-do-canada\/","title":{"rendered":"Violino em pau santo e cedro do Canad\u00e1"},"content":{"rendered":"\n<p>Neste momento estou a construir um violino em madeira diferentes do habitual. Normalmente fundo, ilhargas e bra\u00e7o s\u00e3o em \u00e1cer e o tampo em espruce. Neste caso fundo e ilhagas v\u00e3o ser em pau santo, tampo em cedro do Brasil e bra\u00e7o em cedro do Canad\u00e1. A constru\u00e7\u00e3o deste violino pode ser acompanhada no blog deste site, dedicado aos violinos.<\/p>\n\n\n\n<figure class=\"wp-block-gallery has-nested-images columns-default is-cropped wp-block-gallery-1 is-layout-flex wp-block-gallery-is-layout-flex\">\n<figure class=\"wp-block-image size-large\"><img decoding=\"async\" width=\"960\" height=\"666\" data-id=\"360\" src=\"https:\/\/galrinho.art\/wp-content\/uploads\/2025\/06\/FB_IMG_1750841516387.jpg\" alt=\"\" class=\"wp-image-360\" srcset=\"https:\/\/galrinho.art\/wp-content\/uploads\/2025\/06\/FB_IMG_1750841516387.jpg 960w, https:\/\/galrinho.art\/wp-content\/uploads\/2025\/06\/FB_IMG_1750841516387-300x208.jpg 300w, https:\/\/galrinho.art\/wp-content\/uploads\/2025\/06\/FB_IMG_1750841516387-768x533.jpg 768w\" sizes=\"(max-width: 960px) 100vw, 960px\" \/><\/figure>\n\n\n\n<figure class=\"wp-block-image size-large\"><img decoding=\"async\" width=\"1024\" height=\"768\" data-id=\"361\" src=\"https:\/\/galrinho.art\/wp-content\/uploads\/2025\/06\/FB_IMG_1750841570115-1-1024x768.jpg\" alt=\"\" class=\"wp-image-361\" srcset=\"https:\/\/galrinho.art\/wp-content\/uploads\/2025\/06\/FB_IMG_1750841570115-1-1024x768.jpg 1024w, https:\/\/galrinho.art\/wp-content\/uploads\/2025\/06\/FB_IMG_1750841570115-1-300x225.jpg 300w, https:\/\/galrinho.art\/wp-content\/uploads\/2025\/06\/FB_IMG_1750841570115-1-768x576.jpg 768w, https:\/\/galrinho.art\/wp-content\/uploads\/2025\/06\/FB_IMG_1750841570115-1-1536x1152.jpg 1536w, https:\/\/galrinho.art\/wp-content\/uploads\/2025\/06\/FB_IMG_1750841570115-1.jpg 2048w\" sizes=\"(max-width: 1024px) 100vw, 1024px\" \/><\/figure>\n\n\n\n<figure class=\"wp-block-image size-large\"><img decoding=\"async\" width=\"720\" height=\"960\" data-id=\"363\" src=\"https:\/\/galrinho.art\/wp-content\/uploads\/2025\/06\/FB_IMG_1750841607812.jpg\" alt=\"\" class=\"wp-image-363\" srcset=\"https:\/\/galrinho.art\/wp-content\/uploads\/2025\/06\/FB_IMG_1750841607812.jpg 720w, https:\/\/galrinho.art\/wp-content\/uploads\/2025\/06\/FB_IMG_1750841607812-225x300.jpg 225w\" sizes=\"(max-width: 720px) 100vw, 720px\" \/><\/figure>\n\n\n\n<figure class=\"wp-block-image size-large\"><img decoding=\"async\" width=\"720\" height=\"960\" data-id=\"362\" src=\"https:\/\/galrinho.art\/wp-content\/uploads\/2025\/06\/FB_IMG_1750841618553.jpg\" alt=\"\" class=\"wp-image-362\" srcset=\"https:\/\/galrinho.art\/wp-content\/uploads\/2025\/06\/FB_IMG_1750841618553.jpg 720w, https:\/\/galrinho.art\/wp-content\/uploads\/2025\/06\/FB_IMG_1750841618553-225x300.jpg 225w\" sizes=\"(max-width: 720px) 100vw, 720px\" \/><\/figure>\n\n\n\n<figure class=\"wp-block-image size-large\"><img decoding=\"async\" width=\"1024\" height=\"633\" data-id=\"364\" src=\"https:\/\/galrinho.art\/wp-content\/uploads\/2025\/06\/FB_IMG_1750841792297-1024x633.jpg\" alt=\"\" class=\"wp-image-364\" srcset=\"https:\/\/galrinho.art\/wp-content\/uploads\/2025\/06\/FB_IMG_1750841792297-1024x633.jpg 1024w, https:\/\/galrinho.art\/wp-content\/uploads\/2025\/06\/FB_IMG_1750841792297-300x185.jpg 300w, https:\/\/galrinho.art\/wp-content\/uploads\/2025\/06\/FB_IMG_1750841792297-768x475.jpg 768w, https:\/\/galrinho.art\/wp-content\/uploads\/2025\/06\/FB_IMG_1750841792297.jpg 1170w\" sizes=\"(max-width: 1024px) 100vw, 1024px\" \/><\/figure>\n\n\n\n<figure class=\"wp-block-image size-large\"><img decoding=\"async\" width=\"1024\" height=\"819\" data-id=\"365\" src=\"https:\/\/galrinho.art\/wp-content\/uploads\/2025\/06\/IMG_20250202_2321231-1024x819.jpg\" alt=\"\" class=\"wp-image-365\" srcset=\"https:\/\/galrinho.art\/wp-content\/uploads\/2025\/06\/IMG_20250202_2321231-1024x819.jpg 1024w, https:\/\/galrinho.art\/wp-content\/uploads\/2025\/06\/IMG_20250202_2321231-300x240.jpg 300w, https:\/\/galrinho.art\/wp-content\/uploads\/2025\/06\/IMG_20250202_2321231-768x614.jpg 768w, https:\/\/galrinho.art\/wp-content\/uploads\/2025\/06\/IMG_20250202_2321231-1536x1228.jpg 1536w, https:\/\/galrinho.art\/wp-content\/uploads\/2025\/06\/IMG_20250202_2321231-2048x1638.jpg 2048w\" sizes=\"(max-width: 1024px) 100vw, 1024px\" \/><\/figure>\n<\/figure>\n","protected":false},"excerpt":{"rendered":"<p>Neste momento estou a construir um violino em madeira diferentes do habitual. Normalmente fundo, ilhargas e bra\u00e7o s\u00e3o em \u00e1cer e o tampo em espruce. Neste caso fundo e ilhagas v\u00e3o ser em pau santo, tampo em cedro do Brasil e bra\u00e7o em cedro do Canad\u00e1. A constru\u00e7\u00e3o deste violino pode ser acompanhada no blog &#8230; <a title=\"Violino em pau santo e cedro do Canad\u00e1\" class=\"read-more\" href=\"https:\/\/galrinho.art\/index.php\/violino-em-pau-santo-e-cedro-do-canada\/\" aria-label=\"More on Violino em pau santo e cedro do Canad\u00e1\">Read more<\/a><\/p>\n","protected":false},"author":1,"featured_media":0,"parent":0,"menu_order":0,"comment_status":"closed","ping_status":"closed","template":"","meta":{"footnotes":""},"class_list":["post-353","page","type-page","status-publish"],"yoast_head":"<!-- This site is optimized with the Yoast SEO plugin v20.6 - https:\/\/yoast.com\/wordpress\/plugins\/seo\/ -->\n<title>Violino em pau santo e cedro do Canad\u00e1 - galrinho.art<\/title>\n<meta name=\"robots\" content=\"index, follow, max-snippet:-1, max-image-preview:large, max-video-preview:-1\" \/>\n<link rel=\"canonical\" href=\"https:\/\/galrinho.art\/index.php\/violino-em-pau-santo-e-cedro-do-canada\/\" \/>\n<meta property=\"og:locale\" content=\"en_US\" \/>\n<meta property=\"og:type\" content=\"article\" \/>\n<meta property=\"og:title\" content=\"Violino em pau santo e cedro do Canad\u00e1 - galrinho.art\" \/>\n<meta property=\"og:description\" content=\"Neste momento estou a construir um violino em madeira diferentes do habitual. Normalmente fundo, ilhargas e bra\u00e7o s\u00e3o em \u00e1cer e o tampo em espruce. Neste caso fundo e ilhagas v\u00e3o ser em pau santo, tampo em cedro do Brasil e bra\u00e7o em cedro do Canad\u00e1. A constru\u00e7\u00e3o deste violino pode ser acompanhada no blog ... Read more\" \/>\n<meta property=\"og:url\" content=\"https:\/\/galrinho.art\/index.php\/violino-em-pau-santo-e-cedro-do-canada\/\" \/>\n<meta property=\"og:site_name\" content=\"galrinho.art\" \/>\n<meta property=\"og:image\" content=\"https:\/\/galrinho.art\/wp-content\/uploads\/2025\/06\/FB_IMG_1750841516387.jpg\" \/>\n<meta name=\"twitter:card\" content=\"summary_large_image\" \/>\n<script type=\"application\/ld+json\" class=\"yoast-schema-graph\">{\"@context\":\"https:\/\/schema.org\",\"@graph\":[{\"@type\":\"WebPage\",\"@id\":\"https:\/\/galrinho.art\/index.php\/violino-em-pau-santo-e-cedro-do-canada\/\",\"url\":\"https:\/\/galrinho.art\/index.php\/violino-em-pau-santo-e-cedro-do-canada\/\",\"name\":\"Violino em pau santo e cedro do Canad\u00e1 - galrinho.art\",\"isPartOf\":{\"@id\":\"https:\/\/galrinho.art\/#website\"},\"datePublished\":\"2025-06-26T20:49:02+00:00\",\"dateModified\":\"2025-06-26T20:49:02+00:00\",\"breadcrumb\":{\"@id\":\"https:\/\/galrinho.art\/index.php\/violino-em-pau-santo-e-cedro-do-canada\/#breadcrumb\"},\"inLanguage\":\"en-US\",\"potentialAction\":[{\"@type\":\"ReadAction\",\"target\":[\"https:\/\/galrinho.art\/index.php\/violino-em-pau-santo-e-cedro-do-canada\/\"]}]},{\"@type\":\"BreadcrumbList\",\"@id\":\"https:\/\/galrinho.art\/index.php\/violino-em-pau-santo-e-cedro-do-canada\/#breadcrumb\",\"itemListElement\":[{\"@type\":\"ListItem\",\"position\":1,\"name\":\"In\u00edcio\",\"item\":\"https:\/\/galrinho.art\/\"},{\"@type\":\"ListItem\",\"position\":2,\"name\":\"Violino em pau santo e cedro do Canad\u00e1\"}]},{\"@type\":\"WebSite\",\"@id\":\"https:\/\/galrinho.art\/#website\",\"url\":\"https:\/\/galrinho.art\/\",\"name\":\"galrinho.art\",\"description\":\"\",\"potentialAction\":[{\"@type\":\"SearchAction\",\"target\":{\"@type\":\"EntryPoint\",\"urlTemplate\":\"https:\/\/galrinho.art\/?s={search_term_string}\"},\"query-input\":\"required name=search_term_string\"}],\"inLanguage\":\"en-US\"}]}<\/script>\n<!-- \/ Yoast SEO plugin. -->","yoast_head_json":{"title":"Violino em pau santo e cedro do Canad\u00e1 - galrinho.art","robots":{"index":"index","follow":"follow","max-snippet":"max-snippet:-1","max-image-preview":"max-image-preview:large","max-video-preview":"max-video-preview:-1"},"canonical":"https:\/\/galrinho.art\/index.php\/violino-em-pau-santo-e-cedro-do-canada\/","og_locale":"en_US","og_type":"article","og_title":"Violino em pau santo e cedro do Canad\u00e1 - galrinho.art","og_description":"Neste momento estou a construir um violino em madeira diferentes do habitual. Normalmente fundo, ilhargas e bra\u00e7o s\u00e3o em \u00e1cer e o tampo em espruce. Neste caso fundo e ilhagas v\u00e3o ser em pau santo, tampo em cedro do Brasil e bra\u00e7o em cedro do Canad\u00e1. A constru\u00e7\u00e3o deste violino pode ser acompanhada no blog ... Read more","og_url":"https:\/\/galrinho.art\/index.php\/violino-em-pau-santo-e-cedro-do-canada\/","og_site_name":"galrinho.art","og_image":[{"url":"https:\/\/galrinho.art\/wp-content\/uploads\/2025\/06\/FB_IMG_1750841516387.jpg"}],"twitter_card":"summary_large_image","schema":{"@context":"https:\/\/schema.org","@graph":[{"@type":"WebPage","@id":"https:\/\/galrinho.art\/index.php\/violino-em-pau-santo-e-cedro-do-canada\/","url":"https:\/\/galrinho.art\/index.php\/violino-em-pau-santo-e-cedro-do-canada\/","name":"Violino em pau santo e cedro do Canad\u00e1 - galrinho.art","isPartOf":{"@id":"https:\/\/galrinho.art\/#website"},"datePublished":"2025-06-26T20:49:02+00:00","dateModified":"2025-06-26T20:49:02+00:00","breadcrumb":{"@id":"https:\/\/galrinho.art\/index.php\/violino-em-pau-santo-e-cedro-do-canada\/#breadcrumb"},"inLanguage":"en-US","potentialAction":[{"@type":"ReadAction","target":["https:\/\/galrinho.art\/index.php\/violino-em-pau-santo-e-cedro-do-canada\/"]}]},{"@type":"BreadcrumbList","@id":"https:\/\/galrinho.art\/index.php\/violino-em-pau-santo-e-cedro-do-canada\/#breadcrumb","itemListElement":[{"@type":"ListItem","position":1,"name":"In\u00edcio","item":"https:\/\/galrinho.art\/"},{"@type":"ListItem","position":2,"name":"Violino em pau santo e cedro do Canad\u00e1"}]},{"@type":"WebSite","@id":"https:\/\/galrinho.art\/#website","url":"https:\/\/galrinho.art\/","name":"galrinho.art","description":"","potentialAction":[{"@type":"SearchAction","target":{"@type":"EntryPoint","urlTemplate":"https:\/\/galrinho.art\/?s={search_term_string}"},"query-input":"required name=search_term_string"}],"inLanguage":"en-US"}]}},"_links":{"self":[{"href":"https:\/\/galrinho.art\/index.php\/wp-json\/wp\/v2\/pages\/353","targetHints":{"allow":["GET"]}}],"collection":[{"href":"https:\/\/galrinho.art\/index.php\/wp-json\/wp\/v2\/pages"}],"about":[{"href":"https:\/\/galrinho.art\/index.php\/wp-json\/wp\/v2\/types\/page"}],"author":[{"embeddable":true,"href":"https:\/\/galrinho.art\/index.php\/wp-json\/wp\/v2\/users\/1"}],"replies":[{"embeddable":true,"href":"https:\/\/galrinho.art\/index.php\/wp-json\/wp\/v2\/comments?post=353"}],"version-history":[{"count":1,"href":"https:\/\/galrinho.art\/index.php\/wp-json\/wp\/v2\/pages\/353\/revisions"}],"predecessor-version":[{"id":366,"href":"https:\/\/galrinho.art\/index.php\/wp-json\/wp\/v2\/pages\/353\/revisions\/366"}],"wp:attachment":[{"href":"https:\/\/galrinho.art\/index.php\/wp-json\/wp\/v2\/media?parent=353"}],"curies":[{"name":"wp","href":"https:\/\/api.w.org\/{rel}","templated":true}]}}