{"id":348,"date":"2025-06-26T20:24:26","date_gmt":"2025-06-26T20:24:26","guid":{"rendered":"https:\/\/galrinho.art\/?page_id=348"},"modified":"2025-06-26T20:24:26","modified_gmt":"2025-06-26T20:24:26","slug":"violino-construido-em-1999","status":"publish","type":"page","link":"https:\/\/galrinho.art\/index.php\/violino-construido-em-1999\/","title":{"rendered":"Violino constru\u00eddo em 1999"},"content":{"rendered":"\n<p>Comecei a dedicar-me \u00e0 constru\u00e7\u00e3o e repara\u00e7\u00e3o de violinos em 1995. Aprendi com o Mestre \u00d3scar Cardoso, construtor de Guitarra Cl\u00e1ssica e Guitarra portuguesa, mas que estudou a constru\u00e7\u00e3o de violinos em It\u00e1lia, na Escola de Constru\u00e7\u00e3o de Violinos de Cremona.<br>Estas s\u00e3o as fotos dum violino que construi em 1999.<\/p>\n\n\n<div class=\"wp-block-image\">\n<figure class=\"aligncenter size-large is-resized\"><img decoding=\"async\" width=\"1024\" height=\"819\" src=\"https:\/\/galrinho.art\/wp-content\/uploads\/2025\/06\/FB_IMG_17508415285071-1-1024x819.jpg\" alt=\"\" class=\"wp-image-349\" style=\"width:698px;height:auto\" srcset=\"https:\/\/galrinho.art\/wp-content\/uploads\/2025\/06\/FB_IMG_17508415285071-1-1024x819.jpg 1024w, https:\/\/galrinho.art\/wp-content\/uploads\/2025\/06\/FB_IMG_17508415285071-1-300x240.jpg 300w, https:\/\/galrinho.art\/wp-content\/uploads\/2025\/06\/FB_IMG_17508415285071-1-768x614.jpg 768w, https:\/\/galrinho.art\/wp-content\/uploads\/2025\/06\/FB_IMG_17508415285071-1.jpg 1273w\" sizes=\"(max-width: 1024px) 100vw, 1024px\" \/><\/figure><\/div>","protected":false},"excerpt":{"rendered":"<p>Comecei a dedicar-me \u00e0 constru\u00e7\u00e3o e repara\u00e7\u00e3o de violinos em 1995. Aprendi com o Mestre \u00d3scar Cardoso, construtor de Guitarra Cl\u00e1ssica e Guitarra portuguesa, mas que estudou a constru\u00e7\u00e3o de violinos em It\u00e1lia, na Escola de Constru\u00e7\u00e3o de Violinos de Cremona.Estas s\u00e3o as fotos dum violino que construi em 1999.<\/p>\n","protected":false},"author":1,"featured_media":0,"parent":0,"menu_order":0,"comment_status":"closed","ping_status":"closed","template":"","meta":{"footnotes":""},"class_list":["post-348","page","type-page","status-publish"],"yoast_head":"<!-- This site is optimized with the Yoast SEO plugin v20.6 - https:\/\/yoast.com\/wordpress\/plugins\/seo\/ -->\n<title>Violino constru\u00eddo em 1999 - galrinho.art<\/title>\n<meta name=\"robots\" content=\"index, follow, max-snippet:-1, max-image-preview:large, max-video-preview:-1\" \/>\n<link rel=\"canonical\" href=\"https:\/\/galrinho.art\/index.php\/violino-construido-em-1999\/\" \/>\n<meta property=\"og:locale\" content=\"en_US\" \/>\n<meta property=\"og:type\" content=\"article\" \/>\n<meta property=\"og:title\" content=\"Violino constru\u00eddo em 1999 - galrinho.art\" \/>\n<meta property=\"og:description\" content=\"Comecei a dedicar-me \u00e0 constru\u00e7\u00e3o e repara\u00e7\u00e3o de violinos em 1995. Aprendi com o Mestre \u00d3scar Cardoso, construtor de Guitarra Cl\u00e1ssica e Guitarra portuguesa, mas que estudou a constru\u00e7\u00e3o de violinos em It\u00e1lia, na Escola de Constru\u00e7\u00e3o de Violinos de Cremona.Estas s\u00e3o as fotos dum violino que construi em 1999.\" \/>\n<meta property=\"og:url\" content=\"https:\/\/galrinho.art\/index.php\/violino-construido-em-1999\/\" \/>\n<meta property=\"og:site_name\" content=\"galrinho.art\" \/>\n<meta property=\"og:image\" content=\"https:\/\/galrinho.art\/wp-content\/uploads\/2025\/06\/FB_IMG_17508415285071-1-1024x819.jpg\" \/>\n<meta name=\"twitter:card\" content=\"summary_large_image\" \/>\n<meta name=\"twitter:label1\" content=\"Est. reading time\" \/>\n\t<meta name=\"twitter:data1\" content=\"1 minute\" \/>\n<script type=\"application\/ld+json\" class=\"yoast-schema-graph\">{\"@context\":\"https:\/\/schema.org\",\"@graph\":[{\"@type\":\"WebPage\",\"@id\":\"https:\/\/galrinho.art\/index.php\/violino-construido-em-1999\/\",\"url\":\"https:\/\/galrinho.art\/index.php\/violino-construido-em-1999\/\",\"name\":\"Violino constru\u00eddo em 1999 - galrinho.art\",\"isPartOf\":{\"@id\":\"https:\/\/galrinho.art\/#website\"},\"datePublished\":\"2025-06-26T20:24:26+00:00\",\"dateModified\":\"2025-06-26T20:24:26+00:00\",\"breadcrumb\":{\"@id\":\"https:\/\/galrinho.art\/index.php\/violino-construido-em-1999\/#breadcrumb\"},\"inLanguage\":\"en-US\",\"potentialAction\":[{\"@type\":\"ReadAction\",\"target\":[\"https:\/\/galrinho.art\/index.php\/violino-construido-em-1999\/\"]}]},{\"@type\":\"BreadcrumbList\",\"@id\":\"https:\/\/galrinho.art\/index.php\/violino-construido-em-1999\/#breadcrumb\",\"itemListElement\":[{\"@type\":\"ListItem\",\"position\":1,\"name\":\"In\u00edcio\",\"item\":\"https:\/\/galrinho.art\/\"},{\"@type\":\"ListItem\",\"position\":2,\"name\":\"Violino constru\u00eddo em 1999\"}]},{\"@type\":\"WebSite\",\"@id\":\"https:\/\/galrinho.art\/#website\",\"url\":\"https:\/\/galrinho.art\/\",\"name\":\"galrinho.art\",\"description\":\"\",\"potentialAction\":[{\"@type\":\"SearchAction\",\"target\":{\"@type\":\"EntryPoint\",\"urlTemplate\":\"https:\/\/galrinho.art\/?s={search_term_string}\"},\"query-input\":\"required name=search_term_string\"}],\"inLanguage\":\"en-US\"}]}<\/script>\n<!-- \/ Yoast SEO plugin. -->","yoast_head_json":{"title":"Violino constru\u00eddo em 1999 - galrinho.art","robots":{"index":"index","follow":"follow","max-snippet":"max-snippet:-1","max-image-preview":"max-image-preview:large","max-video-preview":"max-video-preview:-1"},"canonical":"https:\/\/galrinho.art\/index.php\/violino-construido-em-1999\/","og_locale":"en_US","og_type":"article","og_title":"Violino constru\u00eddo em 1999 - galrinho.art","og_description":"Comecei a dedicar-me \u00e0 constru\u00e7\u00e3o e repara\u00e7\u00e3o de violinos em 1995. Aprendi com o Mestre \u00d3scar Cardoso, construtor de Guitarra Cl\u00e1ssica e Guitarra portuguesa, mas que estudou a constru\u00e7\u00e3o de violinos em It\u00e1lia, na Escola de Constru\u00e7\u00e3o de Violinos de Cremona.Estas s\u00e3o as fotos dum violino que construi em 1999.","og_url":"https:\/\/galrinho.art\/index.php\/violino-construido-em-1999\/","og_site_name":"galrinho.art","og_image":[{"url":"https:\/\/galrinho.art\/wp-content\/uploads\/2025\/06\/FB_IMG_17508415285071-1-1024x819.jpg"}],"twitter_card":"summary_large_image","twitter_misc":{"Est. reading time":"1 minute"},"schema":{"@context":"https:\/\/schema.org","@graph":[{"@type":"WebPage","@id":"https:\/\/galrinho.art\/index.php\/violino-construido-em-1999\/","url":"https:\/\/galrinho.art\/index.php\/violino-construido-em-1999\/","name":"Violino constru\u00eddo em 1999 - galrinho.art","isPartOf":{"@id":"https:\/\/galrinho.art\/#website"},"datePublished":"2025-06-26T20:24:26+00:00","dateModified":"2025-06-26T20:24:26+00:00","breadcrumb":{"@id":"https:\/\/galrinho.art\/index.php\/violino-construido-em-1999\/#breadcrumb"},"inLanguage":"en-US","potentialAction":[{"@type":"ReadAction","target":["https:\/\/galrinho.art\/index.php\/violino-construido-em-1999\/"]}]},{"@type":"BreadcrumbList","@id":"https:\/\/galrinho.art\/index.php\/violino-construido-em-1999\/#breadcrumb","itemListElement":[{"@type":"ListItem","position":1,"name":"In\u00edcio","item":"https:\/\/galrinho.art\/"},{"@type":"ListItem","position":2,"name":"Violino constru\u00eddo em 1999"}]},{"@type":"WebSite","@id":"https:\/\/galrinho.art\/#website","url":"https:\/\/galrinho.art\/","name":"galrinho.art","description":"","potentialAction":[{"@type":"SearchAction","target":{"@type":"EntryPoint","urlTemplate":"https:\/\/galrinho.art\/?s={search_term_string}"},"query-input":"required name=search_term_string"}],"inLanguage":"en-US"}]}},"_links":{"self":[{"href":"https:\/\/galrinho.art\/index.php\/wp-json\/wp\/v2\/pages\/348","targetHints":{"allow":["GET"]}}],"collection":[{"href":"https:\/\/galrinho.art\/index.php\/wp-json\/wp\/v2\/pages"}],"about":[{"href":"https:\/\/galrinho.art\/index.php\/wp-json\/wp\/v2\/types\/page"}],"author":[{"embeddable":true,"href":"https:\/\/galrinho.art\/index.php\/wp-json\/wp\/v2\/users\/1"}],"replies":[{"embeddable":true,"href":"https:\/\/galrinho.art\/index.php\/wp-json\/wp\/v2\/comments?post=348"}],"version-history":[{"count":1,"href":"https:\/\/galrinho.art\/index.php\/wp-json\/wp\/v2\/pages\/348\/revisions"}],"predecessor-version":[{"id":350,"href":"https:\/\/galrinho.art\/index.php\/wp-json\/wp\/v2\/pages\/348\/revisions\/350"}],"wp:attachment":[{"href":"https:\/\/galrinho.art\/index.php\/wp-json\/wp\/v2\/media?parent=348"}],"curies":[{"name":"wp","href":"https:\/\/api.w.org\/{rel}","templated":true}]}}