{"id":337,"date":"2025-06-26T20:20:42","date_gmt":"2025-06-26T20:20:42","guid":{"rendered":"https:\/\/galrinho.art\/?page_id=337"},"modified":"2025-06-26T20:51:57","modified_gmt":"2025-06-26T20:51:57","slug":"construcao-de-violinos","status":"publish","type":"page","link":"https:\/\/galrinho.art\/index.php\/construcao-de-violinos\/","title":{"rendered":"Constru\u00e7\u00e3o de violinos"},"content":{"rendered":"\n<div class=\"wp-block-columns is-layout-flex wp-container-core-columns-is-layout-1 wp-block-columns-is-layout-flex\">\n<div class=\"wp-block-column is-layout-flow wp-block-column-is-layout-flow\"><div class=\"wp-block-image\">\n<figure class=\"aligncenter size-large\"><img decoding=\"async\" width=\"1024\" height=\"819\" src=\"https:\/\/galrinho.art\/wp-content\/uploads\/2025\/06\/FB_IMG_17508417781961-1024x819.jpg\" alt=\"\" class=\"wp-image-342\" srcset=\"https:\/\/galrinho.art\/wp-content\/uploads\/2025\/06\/FB_IMG_17508417781961-1024x819.jpg 1024w, https:\/\/galrinho.art\/wp-content\/uploads\/2025\/06\/FB_IMG_17508417781961-300x240.jpg 300w, https:\/\/galrinho.art\/wp-content\/uploads\/2025\/06\/FB_IMG_17508417781961-768x614.jpg 768w, https:\/\/galrinho.art\/wp-content\/uploads\/2025\/06\/FB_IMG_17508417781961.jpg 1512w\" sizes=\"(max-width: 1024px) 100vw, 1024px\" \/><figcaption class=\"wp-element-caption\">Violino em madeira tigre (em constru\u00e7\u00e3o)<\/figcaption><\/figure><\/div><\/div>\n\n\n\n<div class=\"wp-block-column is-layout-flow wp-block-column-is-layout-flow\"><div class=\"wp-block-image\">\n<figure class=\"aligncenter size-large\"><a href=\"https:\/\/galrinho.art\/index.php\/violino-em-pau-santo-e-cedro-do-canada\/\"><img decoding=\"async\" width=\"1024\" height=\"819\" src=\"https:\/\/galrinho.art\/wp-content\/uploads\/2025\/06\/FB_IMG_17508415701151-1-1024x819.jpg\" alt=\"\" class=\"wp-image-341\" srcset=\"https:\/\/galrinho.art\/wp-content\/uploads\/2025\/06\/FB_IMG_17508415701151-1-1024x819.jpg 1024w, https:\/\/galrinho.art\/wp-content\/uploads\/2025\/06\/FB_IMG_17508415701151-1-300x240.jpg 300w, https:\/\/galrinho.art\/wp-content\/uploads\/2025\/06\/FB_IMG_17508415701151-1-768x614.jpg 768w, https:\/\/galrinho.art\/wp-content\/uploads\/2025\/06\/FB_IMG_17508415701151-1-1536x1229.jpg 1536w, https:\/\/galrinho.art\/wp-content\/uploads\/2025\/06\/FB_IMG_17508415701151-1.jpg 1600w\" sizes=\"(max-width: 1024px) 100vw, 1024px\" \/><\/a><figcaption class=\"wp-element-caption\"><a href=\"https:\/\/galrinho.art\/index.php\/violino-em-pau-santo-e-cedro-do-canada\/\">Violino em pau santo e cedro do Canad\u00e1 (em constru\u00e7\u00e3o)<\/a><\/figcaption><\/figure><\/div><\/div>\n\n\n\n<div class=\"wp-block-column is-layout-flow wp-block-column-is-layout-flow\"><div class=\"wp-block-image\">\n<figure class=\"aligncenter size-full\"><a href=\"https:\/\/galrinho.art\/index.php\/violino-construido-em-1999\/\"><img decoding=\"async\" width=\"1273\" height=\"1018\" src=\"https:\/\/galrinho.art\/wp-content\/uploads\/2025\/06\/FB_IMG_17508415285071.jpg\" alt=\"\" class=\"wp-image-343\" srcset=\"https:\/\/galrinho.art\/wp-content\/uploads\/2025\/06\/FB_IMG_17508415285071.jpg 1273w, https:\/\/galrinho.art\/wp-content\/uploads\/2025\/06\/FB_IMG_17508415285071-300x240.jpg 300w, https:\/\/galrinho.art\/wp-content\/uploads\/2025\/06\/FB_IMG_17508415285071-1024x819.jpg 1024w, https:\/\/galrinho.art\/wp-content\/uploads\/2025\/06\/FB_IMG_17508415285071-768x614.jpg 768w\" sizes=\"(max-width: 1273px) 100vw, 1273px\" \/><\/a><figcaption class=\"wp-element-caption\"><a href=\"https:\/\/galrinho.art\/index.php\/violino-construido-em-1999\/\">Violino constru\u00eddo em 1999<\/a><\/figcaption><\/figure><\/div><\/div>\n<\/div>\n\n\n\n<div class=\"wp-block-columns is-layout-flex wp-container-core-columns-is-layout-2 wp-block-columns-is-layout-flex\">\n<div class=\"wp-block-column is-layout-flow wp-block-column-is-layout-flow\"><div class=\"wp-block-image\">\n<figure class=\"aligncenter size-large\"><img decoding=\"async\" width=\"1024\" height=\"819\" src=\"https:\/\/galrinho.art\/wp-content\/uploads\/2025\/06\/FB_IMG_17508418255571-1024x819.jpg\" alt=\"\" class=\"wp-image-357\" srcset=\"https:\/\/galrinho.art\/wp-content\/uploads\/2025\/06\/FB_IMG_17508418255571-1024x819.jpg 1024w, https:\/\/galrinho.art\/wp-content\/uploads\/2025\/06\/FB_IMG_17508418255571-300x240.jpg 300w, https:\/\/galrinho.art\/wp-content\/uploads\/2025\/06\/FB_IMG_17508418255571-768x614.jpg 768w, https:\/\/galrinho.art\/wp-content\/uploads\/2025\/06\/FB_IMG_17508418255571.jpg 1350w\" sizes=\"(max-width: 1024px) 100vw, 1024px\" \/><figcaption class=\"wp-element-caption\">Violino constru\u00eddo em 1999<\/figcaption><\/figure><\/div><\/div>\n\n\n\n<div class=\"wp-block-column is-layout-flow wp-block-column-is-layout-flow\"><\/div>\n\n\n\n<div class=\"wp-block-column is-layout-flow wp-block-column-is-layout-flow\"><\/div>\n<\/div>\n","protected":false},"excerpt":{"rendered":"","protected":false},"author":1,"featured_media":0,"parent":0,"menu_order":0,"comment_status":"closed","ping_status":"closed","template":"","meta":{"footnotes":""},"class_list":["post-337","page","type-page","status-publish"],"yoast_head":"<!-- This site is optimized with the Yoast SEO plugin v20.6 - https:\/\/yoast.com\/wordpress\/plugins\/seo\/ -->\n<title>Constru\u00e7\u00e3o de violinos - galrinho.art<\/title>\n<meta name=\"robots\" content=\"index, follow, max-snippet:-1, max-image-preview:large, max-video-preview:-1\" \/>\n<link rel=\"canonical\" href=\"https:\/\/galrinho.art\/index.php\/construcao-de-violinos\/\" \/>\n<meta property=\"og:locale\" content=\"en_US\" \/>\n<meta property=\"og:type\" content=\"article\" \/>\n<meta property=\"og:title\" content=\"Constru\u00e7\u00e3o de violinos - galrinho.art\" \/>\n<meta property=\"og:url\" content=\"https:\/\/galrinho.art\/index.php\/construcao-de-violinos\/\" \/>\n<meta property=\"og:site_name\" content=\"galrinho.art\" \/>\n<meta property=\"article:modified_time\" content=\"2025-06-26T20:51:57+00:00\" \/>\n<meta property=\"og:image\" content=\"https:\/\/galrinho.art\/wp-content\/uploads\/2025\/06\/FB_IMG_17508417781961-1024x819.jpg\" \/>\n<meta name=\"twitter:card\" content=\"summary_large_image\" \/>\n<meta name=\"twitter:label1\" content=\"Est. reading time\" \/>\n\t<meta name=\"twitter:data1\" content=\"1 minute\" \/>\n<script type=\"application\/ld+json\" class=\"yoast-schema-graph\">{\"@context\":\"https:\/\/schema.org\",\"@graph\":[{\"@type\":\"WebPage\",\"@id\":\"https:\/\/galrinho.art\/index.php\/construcao-de-violinos\/\",\"url\":\"https:\/\/galrinho.art\/index.php\/construcao-de-violinos\/\",\"name\":\"Constru\u00e7\u00e3o de violinos - galrinho.art\",\"isPartOf\":{\"@id\":\"https:\/\/galrinho.art\/#website\"},\"datePublished\":\"2025-06-26T20:20:42+00:00\",\"dateModified\":\"2025-06-26T20:51:57+00:00\",\"breadcrumb\":{\"@id\":\"https:\/\/galrinho.art\/index.php\/construcao-de-violinos\/#breadcrumb\"},\"inLanguage\":\"en-US\",\"potentialAction\":[{\"@type\":\"ReadAction\",\"target\":[\"https:\/\/galrinho.art\/index.php\/construcao-de-violinos\/\"]}]},{\"@type\":\"BreadcrumbList\",\"@id\":\"https:\/\/galrinho.art\/index.php\/construcao-de-violinos\/#breadcrumb\",\"itemListElement\":[{\"@type\":\"ListItem\",\"position\":1,\"name\":\"In\u00edcio\",\"item\":\"https:\/\/galrinho.art\/\"},{\"@type\":\"ListItem\",\"position\":2,\"name\":\"Constru\u00e7\u00e3o de violinos\"}]},{\"@type\":\"WebSite\",\"@id\":\"https:\/\/galrinho.art\/#website\",\"url\":\"https:\/\/galrinho.art\/\",\"name\":\"galrinho.art\",\"description\":\"\",\"potentialAction\":[{\"@type\":\"SearchAction\",\"target\":{\"@type\":\"EntryPoint\",\"urlTemplate\":\"https:\/\/galrinho.art\/?s={search_term_string}\"},\"query-input\":\"required name=search_term_string\"}],\"inLanguage\":\"en-US\"}]}<\/script>\n<!-- \/ Yoast SEO plugin. -->","yoast_head_json":{"title":"Constru\u00e7\u00e3o de violinos - galrinho.art","robots":{"index":"index","follow":"follow","max-snippet":"max-snippet:-1","max-image-preview":"max-image-preview:large","max-video-preview":"max-video-preview:-1"},"canonical":"https:\/\/galrinho.art\/index.php\/construcao-de-violinos\/","og_locale":"en_US","og_type":"article","og_title":"Constru\u00e7\u00e3o de violinos - galrinho.art","og_url":"https:\/\/galrinho.art\/index.php\/construcao-de-violinos\/","og_site_name":"galrinho.art","article_modified_time":"2025-06-26T20:51:57+00:00","og_image":[{"url":"https:\/\/galrinho.art\/wp-content\/uploads\/2025\/06\/FB_IMG_17508417781961-1024x819.jpg"}],"twitter_card":"summary_large_image","twitter_misc":{"Est. reading time":"1 minute"},"schema":{"@context":"https:\/\/schema.org","@graph":[{"@type":"WebPage","@id":"https:\/\/galrinho.art\/index.php\/construcao-de-violinos\/","url":"https:\/\/galrinho.art\/index.php\/construcao-de-violinos\/","name":"Constru\u00e7\u00e3o de violinos - galrinho.art","isPartOf":{"@id":"https:\/\/galrinho.art\/#website"},"datePublished":"2025-06-26T20:20:42+00:00","dateModified":"2025-06-26T20:51:57+00:00","breadcrumb":{"@id":"https:\/\/galrinho.art\/index.php\/construcao-de-violinos\/#breadcrumb"},"inLanguage":"en-US","potentialAction":[{"@type":"ReadAction","target":["https:\/\/galrinho.art\/index.php\/construcao-de-violinos\/"]}]},{"@type":"BreadcrumbList","@id":"https:\/\/galrinho.art\/index.php\/construcao-de-violinos\/#breadcrumb","itemListElement":[{"@type":"ListItem","position":1,"name":"In\u00edcio","item":"https:\/\/galrinho.art\/"},{"@type":"ListItem","position":2,"name":"Constru\u00e7\u00e3o de violinos"}]},{"@type":"WebSite","@id":"https:\/\/galrinho.art\/#website","url":"https:\/\/galrinho.art\/","name":"galrinho.art","description":"","potentialAction":[{"@type":"SearchAction","target":{"@type":"EntryPoint","urlTemplate":"https:\/\/galrinho.art\/?s={search_term_string}"},"query-input":"required name=search_term_string"}],"inLanguage":"en-US"}]}},"_links":{"self":[{"href":"https:\/\/galrinho.art\/index.php\/wp-json\/wp\/v2\/pages\/337","targetHints":{"allow":["GET"]}}],"collection":[{"href":"https:\/\/galrinho.art\/index.php\/wp-json\/wp\/v2\/pages"}],"about":[{"href":"https:\/\/galrinho.art\/index.php\/wp-json\/wp\/v2\/types\/page"}],"author":[{"embeddable":true,"href":"https:\/\/galrinho.art\/index.php\/wp-json\/wp\/v2\/users\/1"}],"replies":[{"embeddable":true,"href":"https:\/\/galrinho.art\/index.php\/wp-json\/wp\/v2\/comments?post=337"}],"version-history":[{"count":4,"href":"https:\/\/galrinho.art\/index.php\/wp-json\/wp\/v2\/pages\/337\/revisions"}],"predecessor-version":[{"id":368,"href":"https:\/\/galrinho.art\/index.php\/wp-json\/wp\/v2\/pages\/337\/revisions\/368"}],"wp:attachment":[{"href":"https:\/\/galrinho.art\/index.php\/wp-json\/wp\/v2\/media?parent=337"}],"curies":[{"name":"wp","href":"https:\/\/api.w.org\/{rel}","templated":true}]}}