{"id":27,"date":"2023-05-09T10:24:32","date_gmt":"2023-05-09T10:24:32","guid":{"rendered":"https:\/\/galrinho.art\/?page_id=27"},"modified":"2023-05-13T16:03:50","modified_gmt":"2023-05-13T16:03:50","slug":"netsuke","status":"publish","type":"page","link":"https:\/\/galrinho.art\/index.php\/netsuke\/","title":{"rendered":"Netsuke"},"content":{"rendered":"\n<p>Em 1988, acabava eu de dar uma aula de Aikido em Londres, um homem a\u00ed de uns 70 anos, que eu n\u00e3o conhecia, vem at\u00e9 mim e oferece-me um Netsuke, uma pequena raposa de 4cm vestida de monge. Trouxe-a consigo durante 50 anos. Quem lha ofereceu disse-lhe que nunca se deveria separar dela pois um dia encontraria a pessoa a quem a deveria dar. \u00abEssa pessoa \u00e9 voc\u00ea\u00bb disse-me ele. Daqui nasceu o meu interesse por Netsukes. N\u00e3o s\u00f3 li bastante sobre o tema, como comprei no Jap\u00e3o e fiz alguns eu mesmo. Ficam aqui tr\u00eas feitos por mim, construidos de bastante livre, n\u00e3o seguindo o estilo japon\u00eas.<br><\/p>\n\n\n\n<p>1. <strong>Coruja das neves.<\/strong> Feito em buxo com embutidos em \u00e9bano. Os olhos s\u00e3o em \u00e2mbar. Assinatura em placa de outro coberto por \u00e2mbar.<\/p>\n\n\n\n<figure class=\"wp-block-image size-full\"><img decoding=\"async\" width=\"746\" height=\"468\" src=\"https:\/\/galrinho.art\/wp-content\/uploads\/2023\/05\/Coruja_neves.jpg\" alt=\"\" class=\"wp-image-133\" srcset=\"https:\/\/galrinho.art\/wp-content\/uploads\/2023\/05\/Coruja_neves.jpg 746w, https:\/\/galrinho.art\/wp-content\/uploads\/2023\/05\/Coruja_neves-300x188.jpg 300w\" sizes=\"(max-width: 746px) 100vw, 746px\" \/><\/figure>\n\n\n\n<p class=\"has-text-align-center\">&#8230; \/&#8230;<\/p>\n\n\n\n<p>2. <strong>Peixe-Ogro.<\/strong> Feito em tagua nut e osso. Olhos em \u00e9bano e \u00e2mbar.<\/p>\n\n\n\n<figure class=\"wp-block-image size-full\"><img decoding=\"async\" width=\"746\" height=\"497\" src=\"https:\/\/galrinho.art\/wp-content\/uploads\/2023\/05\/Peixe_branco.jpg\" alt=\"\" class=\"wp-image-134\" srcset=\"https:\/\/galrinho.art\/wp-content\/uploads\/2023\/05\/Peixe_branco.jpg 746w, https:\/\/galrinho.art\/wp-content\/uploads\/2023\/05\/Peixe_branco-300x200.jpg 300w\" sizes=\"(max-width: 746px) 100vw, 746px\" \/><\/figure>\n\n\n\n<p class=\"has-text-align-center\">&#8230; \/&#8230;<\/p>\n\n\n\n<p>3. <strong>Peixe Anjo Franc\u00eas<\/strong>. Feito em \u00e9bano com embutidos de buxo. Os dentes s\u00e3o em osso, os olhos em ouro e \u00e2mbar. Furos do netsuke refor\u00e7ados com prata.<\/p>\n\n\n\n<figure class=\"wp-block-image size-full\"><img decoding=\"async\" width=\"746\" height=\"630\" src=\"https:\/\/galrinho.art\/wp-content\/uploads\/2023\/05\/peixe_anjo_2.jpg\" alt=\"\" class=\"wp-image-135\" srcset=\"https:\/\/galrinho.art\/wp-content\/uploads\/2023\/05\/peixe_anjo_2.jpg 746w, https:\/\/galrinho.art\/wp-content\/uploads\/2023\/05\/peixe_anjo_2-300x253.jpg 300w\" sizes=\"(max-width: 746px) 100vw, 746px\" \/><\/figure>\n\n\n\n<p><\/p>\n\n\n\n<p><a href=\"https:\/\/galrinho.art\/index.php\/category\/blog-netsuke\/\">Visitar blog sobre netsuke&#8230;<\/a><\/p>\n","protected":false},"excerpt":{"rendered":"<p>Em 1988, acabava eu de dar uma aula de Aikido em Londres, um homem a\u00ed de uns 70 anos, que eu n\u00e3o conhecia, vem at\u00e9 mim e oferece-me um Netsuke, uma pequena raposa de 4cm vestida de monge. Trouxe-a consigo durante 50 anos. Quem lha ofereceu disse-lhe que nunca se deveria separar dela pois um &#8230; <a title=\"Netsuke\" class=\"read-more\" href=\"https:\/\/galrinho.art\/index.php\/netsuke\/\" aria-label=\"More on Netsuke\">Read more<\/a><\/p>\n","protected":false},"author":1,"featured_media":0,"parent":0,"menu_order":0,"comment_status":"closed","ping_status":"closed","template":"","meta":{"footnotes":""},"class_list":["post-27","page","type-page","status-publish"],"yoast_head":"<!-- This site is optimized with the Yoast SEO plugin v20.6 - https:\/\/yoast.com\/wordpress\/plugins\/seo\/ -->\n<title>Netsuke - galrinho.art<\/title>\n<meta name=\"robots\" content=\"index, follow, max-snippet:-1, max-image-preview:large, max-video-preview:-1\" \/>\n<link rel=\"canonical\" href=\"https:\/\/galrinho.art\/index.php\/netsuke\/\" \/>\n<meta property=\"og:locale\" content=\"en_US\" \/>\n<meta property=\"og:type\" content=\"article\" \/>\n<meta property=\"og:title\" content=\"Netsuke - galrinho.art\" \/>\n<meta property=\"og:description\" content=\"Em 1988, acabava eu de dar uma aula de Aikido em Londres, um homem a\u00ed de uns 70 anos, que eu n\u00e3o conhecia, vem at\u00e9 mim e oferece-me um Netsuke, uma pequena raposa de 4cm vestida de monge. Trouxe-a consigo durante 50 anos. Quem lha ofereceu disse-lhe que nunca se deveria separar dela pois um ... Read more\" \/>\n<meta property=\"og:url\" content=\"https:\/\/galrinho.art\/index.php\/netsuke\/\" \/>\n<meta property=\"og:site_name\" content=\"galrinho.art\" \/>\n<meta property=\"article:modified_time\" content=\"2023-05-13T16:03:50+00:00\" \/>\n<meta property=\"og:image\" content=\"https:\/\/galrinho.art\/wp-content\/uploads\/2023\/05\/Coruja_neves.jpg\" \/>\n<meta name=\"twitter:card\" content=\"summary_large_image\" \/>\n<meta name=\"twitter:label1\" content=\"Est. reading time\" \/>\n\t<meta name=\"twitter:data1\" content=\"2 minutes\" \/>\n<script type=\"application\/ld+json\" class=\"yoast-schema-graph\">{\"@context\":\"https:\/\/schema.org\",\"@graph\":[{\"@type\":\"WebPage\",\"@id\":\"https:\/\/galrinho.art\/index.php\/netsuke\/\",\"url\":\"https:\/\/galrinho.art\/index.php\/netsuke\/\",\"name\":\"Netsuke - galrinho.art\",\"isPartOf\":{\"@id\":\"https:\/\/galrinho.art\/#website\"},\"datePublished\":\"2023-05-09T10:24:32+00:00\",\"dateModified\":\"2023-05-13T16:03:50+00:00\",\"breadcrumb\":{\"@id\":\"https:\/\/galrinho.art\/index.php\/netsuke\/#breadcrumb\"},\"inLanguage\":\"en-US\",\"potentialAction\":[{\"@type\":\"ReadAction\",\"target\":[\"https:\/\/galrinho.art\/index.php\/netsuke\/\"]}]},{\"@type\":\"BreadcrumbList\",\"@id\":\"https:\/\/galrinho.art\/index.php\/netsuke\/#breadcrumb\",\"itemListElement\":[{\"@type\":\"ListItem\",\"position\":1,\"name\":\"In\u00edcio\",\"item\":\"https:\/\/galrinho.art\/\"},{\"@type\":\"ListItem\",\"position\":2,\"name\":\"Netsuke\"}]},{\"@type\":\"WebSite\",\"@id\":\"https:\/\/galrinho.art\/#website\",\"url\":\"https:\/\/galrinho.art\/\",\"name\":\"galrinho.art\",\"description\":\"\",\"potentialAction\":[{\"@type\":\"SearchAction\",\"target\":{\"@type\":\"EntryPoint\",\"urlTemplate\":\"https:\/\/galrinho.art\/?s={search_term_string}\"},\"query-input\":\"required name=search_term_string\"}],\"inLanguage\":\"en-US\"}]}<\/script>\n<!-- \/ Yoast SEO plugin. -->","yoast_head_json":{"title":"Netsuke - galrinho.art","robots":{"index":"index","follow":"follow","max-snippet":"max-snippet:-1","max-image-preview":"max-image-preview:large","max-video-preview":"max-video-preview:-1"},"canonical":"https:\/\/galrinho.art\/index.php\/netsuke\/","og_locale":"en_US","og_type":"article","og_title":"Netsuke - galrinho.art","og_description":"Em 1988, acabava eu de dar uma aula de Aikido em Londres, um homem a\u00ed de uns 70 anos, que eu n\u00e3o conhecia, vem at\u00e9 mim e oferece-me um Netsuke, uma pequena raposa de 4cm vestida de monge. Trouxe-a consigo durante 50 anos. Quem lha ofereceu disse-lhe que nunca se deveria separar dela pois um ... Read more","og_url":"https:\/\/galrinho.art\/index.php\/netsuke\/","og_site_name":"galrinho.art","article_modified_time":"2023-05-13T16:03:50+00:00","og_image":[{"url":"https:\/\/galrinho.art\/wp-content\/uploads\/2023\/05\/Coruja_neves.jpg"}],"twitter_card":"summary_large_image","twitter_misc":{"Est. reading time":"2 minutes"},"schema":{"@context":"https:\/\/schema.org","@graph":[{"@type":"WebPage","@id":"https:\/\/galrinho.art\/index.php\/netsuke\/","url":"https:\/\/galrinho.art\/index.php\/netsuke\/","name":"Netsuke - galrinho.art","isPartOf":{"@id":"https:\/\/galrinho.art\/#website"},"datePublished":"2023-05-09T10:24:32+00:00","dateModified":"2023-05-13T16:03:50+00:00","breadcrumb":{"@id":"https:\/\/galrinho.art\/index.php\/netsuke\/#breadcrumb"},"inLanguage":"en-US","potentialAction":[{"@type":"ReadAction","target":["https:\/\/galrinho.art\/index.php\/netsuke\/"]}]},{"@type":"BreadcrumbList","@id":"https:\/\/galrinho.art\/index.php\/netsuke\/#breadcrumb","itemListElement":[{"@type":"ListItem","position":1,"name":"In\u00edcio","item":"https:\/\/galrinho.art\/"},{"@type":"ListItem","position":2,"name":"Netsuke"}]},{"@type":"WebSite","@id":"https:\/\/galrinho.art\/#website","url":"https:\/\/galrinho.art\/","name":"galrinho.art","description":"","potentialAction":[{"@type":"SearchAction","target":{"@type":"EntryPoint","urlTemplate":"https:\/\/galrinho.art\/?s={search_term_string}"},"query-input":"required name=search_term_string"}],"inLanguage":"en-US"}]}},"_links":{"self":[{"href":"https:\/\/galrinho.art\/index.php\/wp-json\/wp\/v2\/pages\/27","targetHints":{"allow":["GET"]}}],"collection":[{"href":"https:\/\/galrinho.art\/index.php\/wp-json\/wp\/v2\/pages"}],"about":[{"href":"https:\/\/galrinho.art\/index.php\/wp-json\/wp\/v2\/types\/page"}],"author":[{"embeddable":true,"href":"https:\/\/galrinho.art\/index.php\/wp-json\/wp\/v2\/users\/1"}],"replies":[{"embeddable":true,"href":"https:\/\/galrinho.art\/index.php\/wp-json\/wp\/v2\/comments?post=27"}],"version-history":[{"count":9,"href":"https:\/\/galrinho.art\/index.php\/wp-json\/wp\/v2\/pages\/27\/revisions"}],"predecessor-version":[{"id":246,"href":"https:\/\/galrinho.art\/index.php\/wp-json\/wp\/v2\/pages\/27\/revisions\/246"}],"wp:attachment":[{"href":"https:\/\/galrinho.art\/index.php\/wp-json\/wp\/v2\/media?parent=27"}],"curies":[{"name":"wp","href":"https:\/\/api.w.org\/{rel}","templated":true}]}}