{"id":23,"date":"2023-05-09T10:22:53","date_gmt":"2023-05-09T10:22:53","guid":{"rendered":"https:\/\/galrinho.art\/?page_id=23"},"modified":"2023-05-12T22:18:17","modified_gmt":"2023-05-12T22:18:17","slug":"danca","status":"publish","type":"page","link":"https:\/\/galrinho.art\/index.php\/danca\/","title":{"rendered":"Dan\u00e7a"},"content":{"rendered":"\n<p>O projecto de dan\u00e7a,<strong> Deaidance<\/strong>, nasceu da experi\u00eancia, de quase quatro d\u00e9cadas, dos seus criadores, eu, Manuel Galrinho e de Manuel Sim\u00f5es no estudo e pr\u00e1tica das artes marciais, em especial do Aikido mas tamb\u00e9m do Zen, do Iaido, do Tenchi Tessen e do Butoh. Ficam aqui algumas fotos de v\u00e1rias pe\u00e7as de diferentes espect\u00e1culos, diferentes eventos, em diferentes salas: F\u00f3rum Lu\u00edsa Todi em Set\u00fabal, Capricho Setubalense, Cine Teatro de Alvai\u00e1zere, Cineteatro S\u00e3o Jo\u00e3o em Palmela, Cine Teatro de Almeirim, Centro Cultural Malaposta, Coliseu de Lisboa, etc. (fotos de Pedro Meha, Maria do Carmo Bastos, Rita Pereira Concei\u00e7\u00e3o, Ana Filipa Rodrigues, M\u00e1rio Bastos, Lu\u00eds Manata, Manuel Galrinho, Nuno Marques e Eug\u00e9nia Silva). <br>Performers principais: Manuel Galrinho, Manuel Sim\u00f5es, Sofia Rosado, Maria do Carmo Bastos. Participaram ainda: Ana Moleiro, D\u00e9bora Lopes, Nicole Martins, Micaela Fernandes, M\u00f3nica Trindade, J\u00falia Morgado, Mikaela Castro, B\u00e1rbara Pereira e C\u00e1tia Pinto.<br><\/p>\n\n\n\n<div class=\"wp-block-columns is-layout-flex wp-container-core-columns-is-layout-1 wp-block-columns-is-layout-flex\">\n<div class=\"wp-block-column is-layout-flow wp-block-column-is-layout-flow\">\n<figure class=\"wp-block-image size-full\"><img decoding=\"async\" width=\"746\" height=\"498\" src=\"https:\/\/galrinho.art\/wp-content\/uploads\/2023\/05\/07IMG_8841.jpg\" alt=\"\" class=\"wp-image-100\" srcset=\"https:\/\/galrinho.art\/wp-content\/uploads\/2023\/05\/07IMG_8841.jpg 746w, https:\/\/galrinho.art\/wp-content\/uploads\/2023\/05\/07IMG_8841-300x200.jpg 300w\" sizes=\"(max-width: 746px) 100vw, 746px\" \/><\/figure>\n<\/div>\n\n\n\n<div class=\"wp-block-column is-layout-flow wp-block-column-is-layout-flow\">\n<figure class=\"wp-block-image size-full\"><img decoding=\"async\" width=\"746\" height=\"498\" src=\"https:\/\/galrinho.art\/wp-content\/uploads\/2023\/05\/06IMG_8851.jpg\" alt=\"\" class=\"wp-image-101\" srcset=\"https:\/\/galrinho.art\/wp-content\/uploads\/2023\/05\/06IMG_8851.jpg 746w, https:\/\/galrinho.art\/wp-content\/uploads\/2023\/05\/06IMG_8851-300x200.jpg 300w\" sizes=\"(max-width: 746px) 100vw, 746px\" \/><\/figure>\n<\/div>\n<\/div>\n\n\n\n<div class=\"wp-block-columns is-layout-flex wp-container-core-columns-is-layout-2 wp-block-columns-is-layout-flex\">\n<div class=\"wp-block-column is-layout-flow wp-block-column-is-layout-flow\">\n<figure class=\"wp-block-image size-full\"><img decoding=\"async\" width=\"746\" height=\"497\" src=\"https:\/\/galrinho.art\/wp-content\/uploads\/2023\/05\/12.jpg\" alt=\"\" class=\"wp-image-102\" srcset=\"https:\/\/galrinho.art\/wp-content\/uploads\/2023\/05\/12.jpg 746w, https:\/\/galrinho.art\/wp-content\/uploads\/2023\/05\/12-300x200.jpg 300w\" sizes=\"(max-width: 746px) 100vw, 746px\" \/><\/figure>\n<\/div>\n\n\n\n<div class=\"wp-block-column is-layout-flow wp-block-column-is-layout-flow\">\n<figure class=\"wp-block-image size-full\"><img decoding=\"async\" width=\"746\" height=\"498\" src=\"https:\/\/galrinho.art\/wp-content\/uploads\/2023\/05\/15IMG_8899.jpg\" alt=\"\" class=\"wp-image-103\" srcset=\"https:\/\/galrinho.art\/wp-content\/uploads\/2023\/05\/15IMG_8899.jpg 746w, https:\/\/galrinho.art\/wp-content\/uploads\/2023\/05\/15IMG_8899-300x200.jpg 300w\" sizes=\"(max-width: 746px) 100vw, 746px\" \/><\/figure>\n<\/div>\n<\/div>\n\n\n\n<div class=\"wp-block-columns is-layout-flex wp-container-core-columns-is-layout-3 wp-block-columns-is-layout-flex\">\n<div class=\"wp-block-column is-layout-flow wp-block-column-is-layout-flow\">\n<figure class=\"wp-block-image size-full\"><img decoding=\"async\" width=\"746\" height=\"498\" src=\"https:\/\/galrinho.art\/wp-content\/uploads\/2023\/05\/10IMG_8873.jpg\" alt=\"\" class=\"wp-image-104\" srcset=\"https:\/\/galrinho.art\/wp-content\/uploads\/2023\/05\/10IMG_8873.jpg 746w, https:\/\/galrinho.art\/wp-content\/uploads\/2023\/05\/10IMG_8873-300x200.jpg 300w\" sizes=\"(max-width: 746px) 100vw, 746px\" \/><\/figure>\n<\/div>\n\n\n\n<div class=\"wp-block-column is-layout-flow wp-block-column-is-layout-flow\">\n<figure class=\"wp-block-image size-full\"><img decoding=\"async\" width=\"746\" height=\"498\" src=\"https:\/\/galrinho.art\/wp-content\/uploads\/2023\/05\/17IMG_8899.jpg\" alt=\"\" class=\"wp-image-105\" srcset=\"https:\/\/galrinho.art\/wp-content\/uploads\/2023\/05\/17IMG_8899.jpg 746w, https:\/\/galrinho.art\/wp-content\/uploads\/2023\/05\/17IMG_8899-300x200.jpg 300w\" sizes=\"(max-width: 746px) 100vw, 746px\" \/><\/figure>\n<\/div>\n<\/div>\n\n\n\n<div class=\"wp-block-columns is-layout-flex wp-container-core-columns-is-layout-4 wp-block-columns-is-layout-flex\">\n<div class=\"wp-block-column is-layout-flow wp-block-column-is-layout-flow\">\n<figure class=\"wp-block-image size-full\"><img decoding=\"async\" width=\"746\" height=\"497\" src=\"https:\/\/galrinho.art\/wp-content\/uploads\/2023\/05\/24.jpg\" alt=\"\" class=\"wp-image-106\" srcset=\"https:\/\/galrinho.art\/wp-content\/uploads\/2023\/05\/24.jpg 746w, https:\/\/galrinho.art\/wp-content\/uploads\/2023\/05\/24-300x200.jpg 300w\" sizes=\"(max-width: 746px) 100vw, 746px\" \/><\/figure>\n<\/div>\n\n\n\n<div class=\"wp-block-column is-layout-flow wp-block-column-is-layout-flow\">\n<figure class=\"wp-block-image size-full\"><img decoding=\"async\" width=\"746\" height=\"497\" src=\"https:\/\/galrinho.art\/wp-content\/uploads\/2023\/05\/25.jpg\" alt=\"\" class=\"wp-image-107\" srcset=\"https:\/\/galrinho.art\/wp-content\/uploads\/2023\/05\/25.jpg 746w, https:\/\/galrinho.art\/wp-content\/uploads\/2023\/05\/25-300x200.jpg 300w\" sizes=\"(max-width: 746px) 100vw, 746px\" \/><\/figure>\n<\/div>\n<\/div>\n\n\n\n<div class=\"wp-block-columns is-layout-flex wp-container-core-columns-is-layout-5 wp-block-columns-is-layout-flex\">\n<div class=\"wp-block-column is-layout-flow wp-block-column-is-layout-flow\">\n<figure class=\"wp-block-image size-full\"><img decoding=\"async\" width=\"746\" height=\"497\" src=\"https:\/\/galrinho.art\/wp-content\/uploads\/2023\/05\/29.jpg\" alt=\"\" class=\"wp-image-108\" srcset=\"https:\/\/galrinho.art\/wp-content\/uploads\/2023\/05\/29.jpg 746w, https:\/\/galrinho.art\/wp-content\/uploads\/2023\/05\/29-300x200.jpg 300w\" sizes=\"(max-width: 746px) 100vw, 746px\" \/><\/figure>\n<\/div>\n\n\n\n<div class=\"wp-block-column is-layout-flow wp-block-column-is-layout-flow\">\n<figure class=\"wp-block-image size-full\"><img decoding=\"async\" width=\"746\" height=\"497\" src=\"https:\/\/galrinho.art\/wp-content\/uploads\/2023\/05\/30.jpg\" alt=\"\" class=\"wp-image-109\" srcset=\"https:\/\/galrinho.art\/wp-content\/uploads\/2023\/05\/30.jpg 746w, https:\/\/galrinho.art\/wp-content\/uploads\/2023\/05\/30-300x200.jpg 300w\" sizes=\"(max-width: 746px) 100vw, 746px\" \/><\/figure>\n<\/div>\n<\/div>\n\n\n\n<div class=\"wp-block-columns is-layout-flex wp-container-core-columns-is-layout-6 wp-block-columns-is-layout-flex\">\n<div class=\"wp-block-column is-layout-flow wp-block-column-is-layout-flow\">\n<figure class=\"wp-block-image size-full\"><img decoding=\"async\" width=\"746\" height=\"498\" src=\"https:\/\/galrinho.art\/wp-content\/uploads\/2023\/05\/12-1.jpg\" alt=\"\" class=\"wp-image-110\" srcset=\"https:\/\/galrinho.art\/wp-content\/uploads\/2023\/05\/12-1.jpg 746w, https:\/\/galrinho.art\/wp-content\/uploads\/2023\/05\/12-1-300x200.jpg 300w\" sizes=\"(max-width: 746px) 100vw, 746px\" \/><\/figure>\n<\/div>\n\n\n\n<div class=\"wp-block-column is-layout-flow wp-block-column-is-layout-flow\">\n<figure class=\"wp-block-image size-full\"><img decoding=\"async\" width=\"746\" height=\"498\" src=\"https:\/\/galrinho.art\/wp-content\/uploads\/2023\/05\/05.jpg\" alt=\"\" class=\"wp-image-111\" srcset=\"https:\/\/galrinho.art\/wp-content\/uploads\/2023\/05\/05.jpg 746w, https:\/\/galrinho.art\/wp-content\/uploads\/2023\/05\/05-300x200.jpg 300w\" sizes=\"(max-width: 746px) 100vw, 746px\" \/><\/figure>\n<\/div>\n<\/div>\n\n\n\n<div class=\"wp-block-columns is-layout-flex wp-container-core-columns-is-layout-7 wp-block-columns-is-layout-flex\">\n<div class=\"wp-block-column is-layout-flow wp-block-column-is-layout-flow\">\n<figure class=\"wp-block-image size-full\"><img decoding=\"async\" width=\"746\" height=\"498\" src=\"https:\/\/galrinho.art\/wp-content\/uploads\/2023\/05\/9.jpg\" alt=\"\" class=\"wp-image-112\" srcset=\"https:\/\/galrinho.art\/wp-content\/uploads\/2023\/05\/9.jpg 746w, https:\/\/galrinho.art\/wp-content\/uploads\/2023\/05\/9-300x200.jpg 300w\" sizes=\"(max-width: 746px) 100vw, 746px\" \/><\/figure>\n<\/div>\n\n\n\n<div class=\"wp-block-column is-layout-flow wp-block-column-is-layout-flow\">\n<figure class=\"wp-block-image size-full\"><img decoding=\"async\" width=\"746\" height=\"498\" src=\"https:\/\/galrinho.art\/wp-content\/uploads\/2023\/05\/08.jpg\" alt=\"\" class=\"wp-image-113\" srcset=\"https:\/\/galrinho.art\/wp-content\/uploads\/2023\/05\/08.jpg 746w, https:\/\/galrinho.art\/wp-content\/uploads\/2023\/05\/08-300x200.jpg 300w\" sizes=\"(max-width: 746px) 100vw, 746px\" \/><\/figure>\n<\/div>\n<\/div>\n\n\n\n<div class=\"wp-block-columns is-layout-flex wp-container-core-columns-is-layout-8 wp-block-columns-is-layout-flex\">\n<div class=\"wp-block-column is-layout-flow wp-block-column-is-layout-flow\">\n<figure class=\"wp-block-image size-full\"><img decoding=\"async\" width=\"746\" height=\"498\" src=\"https:\/\/galrinho.art\/wp-content\/uploads\/2023\/05\/01.jpg\" alt=\"\" class=\"wp-image-114\" srcset=\"https:\/\/galrinho.art\/wp-content\/uploads\/2023\/05\/01.jpg 746w, https:\/\/galrinho.art\/wp-content\/uploads\/2023\/05\/01-300x200.jpg 300w\" sizes=\"(max-width: 746px) 100vw, 746px\" \/><\/figure>\n<\/div>\n\n\n\n<div class=\"wp-block-column is-layout-flow wp-block-column-is-layout-flow\">\n<figure class=\"wp-block-image size-full\"><img decoding=\"async\" width=\"746\" height=\"497\" src=\"https:\/\/galrinho.art\/wp-content\/uploads\/2023\/05\/02.jpg\" alt=\"\" class=\"wp-image-115\" srcset=\"https:\/\/galrinho.art\/wp-content\/uploads\/2023\/05\/02.jpg 746w, https:\/\/galrinho.art\/wp-content\/uploads\/2023\/05\/02-300x200.jpg 300w\" sizes=\"(max-width: 746px) 100vw, 746px\" \/><\/figure>\n<\/div>\n<\/div>\n\n\n\n<div class=\"wp-block-columns is-layout-flex wp-container-core-columns-is-layout-9 wp-block-columns-is-layout-flex\">\n<div class=\"wp-block-column is-layout-flow wp-block-column-is-layout-flow\">\n<figure class=\"wp-block-image size-full\"><img decoding=\"async\" width=\"746\" height=\"498\" src=\"https:\/\/galrinho.art\/wp-content\/uploads\/2023\/05\/01IMG_4401.jpg\" alt=\"\" class=\"wp-image-116\" srcset=\"https:\/\/galrinho.art\/wp-content\/uploads\/2023\/05\/01IMG_4401.jpg 746w, https:\/\/galrinho.art\/wp-content\/uploads\/2023\/05\/01IMG_4401-300x200.jpg 300w\" sizes=\"(max-width: 746px) 100vw, 746px\" \/><\/figure>\n<\/div>\n\n\n\n<div class=\"wp-block-column is-layout-flow wp-block-column-is-layout-flow\">\n<figure class=\"wp-block-image size-full\"><img decoding=\"async\" width=\"746\" height=\"498\" src=\"https:\/\/galrinho.art\/wp-content\/uploads\/2023\/05\/04IMG_2369.jpg\" alt=\"\" class=\"wp-image-117\" srcset=\"https:\/\/galrinho.art\/wp-content\/uploads\/2023\/05\/04IMG_2369.jpg 746w, https:\/\/galrinho.art\/wp-content\/uploads\/2023\/05\/04IMG_2369-300x200.jpg 300w\" sizes=\"(max-width: 746px) 100vw, 746px\" \/><\/figure>\n<\/div>\n<\/div>\n\n\n\n<div class=\"wp-block-columns is-layout-flex wp-container-core-columns-is-layout-10 wp-block-columns-is-layout-flex\">\n<div class=\"wp-block-column is-layout-flow wp-block-column-is-layout-flow\">\n<figure class=\"wp-block-image size-full\"><img decoding=\"async\" width=\"746\" height=\"497\" src=\"https:\/\/galrinho.art\/wp-content\/uploads\/2023\/05\/Fim_Terras_1.jpg\" alt=\"\" class=\"wp-image-118\" srcset=\"https:\/\/galrinho.art\/wp-content\/uploads\/2023\/05\/Fim_Terras_1.jpg 746w, https:\/\/galrinho.art\/wp-content\/uploads\/2023\/05\/Fim_Terras_1-300x200.jpg 300w\" sizes=\"(max-width: 746px) 100vw, 746px\" \/><\/figure>\n<\/div>\n\n\n\n<div class=\"wp-block-column is-layout-flow wp-block-column-is-layout-flow\">\n<figure class=\"wp-block-image size-full\"><img decoding=\"async\" width=\"746\" height=\"498\" src=\"https:\/\/galrinho.art\/wp-content\/uploads\/2023\/05\/03.jpg\" alt=\"\" class=\"wp-image-119\" srcset=\"https:\/\/galrinho.art\/wp-content\/uploads\/2023\/05\/03.jpg 746w, https:\/\/galrinho.art\/wp-content\/uploads\/2023\/05\/03-300x200.jpg 300w\" sizes=\"(max-width: 746px) 100vw, 746px\" \/><\/figure>\n<\/div>\n<\/div>\n\n\n\n<p><a href=\"https:\/\/galrinho.art\/index.php\/category\/blog-danca\/\">Visitar o Blog da dan\u00e7a&#8230;<\/a><\/p>\n","protected":false},"excerpt":{"rendered":"<p>O projecto de dan\u00e7a, Deaidance, nasceu da experi\u00eancia, de quase quatro d\u00e9cadas, dos seus criadores, eu, Manuel Galrinho e de Manuel Sim\u00f5es no estudo e pr\u00e1tica das artes marciais, em especial do Aikido mas tamb\u00e9m do Zen, do Iaido, do Tenchi Tessen e do Butoh. Ficam aqui algumas fotos de v\u00e1rias pe\u00e7as de diferentes espect\u00e1culos, &#8230; <a title=\"Dan\u00e7a\" class=\"read-more\" href=\"https:\/\/galrinho.art\/index.php\/danca\/\" aria-label=\"More on Dan\u00e7a\">Read more<\/a><\/p>\n","protected":false},"author":1,"featured_media":0,"parent":0,"menu_order":0,"comment_status":"closed","ping_status":"closed","template":"","meta":{"footnotes":""},"class_list":["post-23","page","type-page","status-publish"],"yoast_head":"<!-- This site is optimized with the Yoast SEO plugin v20.6 - https:\/\/yoast.com\/wordpress\/plugins\/seo\/ -->\n<title>Dan\u00e7a - galrinho.art<\/title>\n<meta name=\"robots\" content=\"index, follow, max-snippet:-1, max-image-preview:large, max-video-preview:-1\" \/>\n<link rel=\"canonical\" href=\"https:\/\/galrinho.art\/index.php\/danca\/\" \/>\n<meta property=\"og:locale\" content=\"en_US\" \/>\n<meta property=\"og:type\" content=\"article\" \/>\n<meta property=\"og:title\" content=\"Dan\u00e7a - galrinho.art\" \/>\n<meta property=\"og:description\" content=\"O projecto de dan\u00e7a, Deaidance, nasceu da experi\u00eancia, de quase quatro d\u00e9cadas, dos seus criadores, eu, Manuel Galrinho e de Manuel Sim\u00f5es no estudo e pr\u00e1tica das artes marciais, em especial do Aikido mas tamb\u00e9m do Zen, do Iaido, do Tenchi Tessen e do Butoh. Ficam aqui algumas fotos de v\u00e1rias pe\u00e7as de diferentes espect\u00e1culos, ... Read more\" \/>\n<meta property=\"og:url\" content=\"https:\/\/galrinho.art\/index.php\/danca\/\" \/>\n<meta property=\"og:site_name\" content=\"galrinho.art\" \/>\n<meta property=\"article:modified_time\" content=\"2023-05-12T22:18:17+00:00\" \/>\n<meta property=\"og:image\" content=\"https:\/\/galrinho.art\/wp-content\/uploads\/2023\/05\/07IMG_8841.jpg\" \/>\n<meta name=\"twitter:card\" content=\"summary_large_image\" \/>\n<meta name=\"twitter:label1\" content=\"Est. reading time\" \/>\n\t<meta name=\"twitter:data1\" content=\"5 minutes\" \/>\n<script type=\"application\/ld+json\" class=\"yoast-schema-graph\">{\"@context\":\"https:\/\/schema.org\",\"@graph\":[{\"@type\":\"WebPage\",\"@id\":\"https:\/\/galrinho.art\/index.php\/danca\/\",\"url\":\"https:\/\/galrinho.art\/index.php\/danca\/\",\"name\":\"Dan\u00e7a - galrinho.art\",\"isPartOf\":{\"@id\":\"https:\/\/galrinho.art\/#website\"},\"datePublished\":\"2023-05-09T10:22:53+00:00\",\"dateModified\":\"2023-05-12T22:18:17+00:00\",\"breadcrumb\":{\"@id\":\"https:\/\/galrinho.art\/index.php\/danca\/#breadcrumb\"},\"inLanguage\":\"en-US\",\"potentialAction\":[{\"@type\":\"ReadAction\",\"target\":[\"https:\/\/galrinho.art\/index.php\/danca\/\"]}]},{\"@type\":\"BreadcrumbList\",\"@id\":\"https:\/\/galrinho.art\/index.php\/danca\/#breadcrumb\",\"itemListElement\":[{\"@type\":\"ListItem\",\"position\":1,\"name\":\"In\u00edcio\",\"item\":\"https:\/\/galrinho.art\/\"},{\"@type\":\"ListItem\",\"position\":2,\"name\":\"Dan\u00e7a\"}]},{\"@type\":\"WebSite\",\"@id\":\"https:\/\/galrinho.art\/#website\",\"url\":\"https:\/\/galrinho.art\/\",\"name\":\"galrinho.art\",\"description\":\"\",\"potentialAction\":[{\"@type\":\"SearchAction\",\"target\":{\"@type\":\"EntryPoint\",\"urlTemplate\":\"https:\/\/galrinho.art\/?s={search_term_string}\"},\"query-input\":\"required name=search_term_string\"}],\"inLanguage\":\"en-US\"}]}<\/script>\n<!-- \/ Yoast SEO plugin. -->","yoast_head_json":{"title":"Dan\u00e7a - galrinho.art","robots":{"index":"index","follow":"follow","max-snippet":"max-snippet:-1","max-image-preview":"max-image-preview:large","max-video-preview":"max-video-preview:-1"},"canonical":"https:\/\/galrinho.art\/index.php\/danca\/","og_locale":"en_US","og_type":"article","og_title":"Dan\u00e7a - galrinho.art","og_description":"O projecto de dan\u00e7a, Deaidance, nasceu da experi\u00eancia, de quase quatro d\u00e9cadas, dos seus criadores, eu, Manuel Galrinho e de Manuel Sim\u00f5es no estudo e pr\u00e1tica das artes marciais, em especial do Aikido mas tamb\u00e9m do Zen, do Iaido, do Tenchi Tessen e do Butoh. Ficam aqui algumas fotos de v\u00e1rias pe\u00e7as de diferentes espect\u00e1culos, ... Read more","og_url":"https:\/\/galrinho.art\/index.php\/danca\/","og_site_name":"galrinho.art","article_modified_time":"2023-05-12T22:18:17+00:00","og_image":[{"url":"https:\/\/galrinho.art\/wp-content\/uploads\/2023\/05\/07IMG_8841.jpg"}],"twitter_card":"summary_large_image","twitter_misc":{"Est. reading time":"5 minutes"},"schema":{"@context":"https:\/\/schema.org","@graph":[{"@type":"WebPage","@id":"https:\/\/galrinho.art\/index.php\/danca\/","url":"https:\/\/galrinho.art\/index.php\/danca\/","name":"Dan\u00e7a - galrinho.art","isPartOf":{"@id":"https:\/\/galrinho.art\/#website"},"datePublished":"2023-05-09T10:22:53+00:00","dateModified":"2023-05-12T22:18:17+00:00","breadcrumb":{"@id":"https:\/\/galrinho.art\/index.php\/danca\/#breadcrumb"},"inLanguage":"en-US","potentialAction":[{"@type":"ReadAction","target":["https:\/\/galrinho.art\/index.php\/danca\/"]}]},{"@type":"BreadcrumbList","@id":"https:\/\/galrinho.art\/index.php\/danca\/#breadcrumb","itemListElement":[{"@type":"ListItem","position":1,"name":"In\u00edcio","item":"https:\/\/galrinho.art\/"},{"@type":"ListItem","position":2,"name":"Dan\u00e7a"}]},{"@type":"WebSite","@id":"https:\/\/galrinho.art\/#website","url":"https:\/\/galrinho.art\/","name":"galrinho.art","description":"","potentialAction":[{"@type":"SearchAction","target":{"@type":"EntryPoint","urlTemplate":"https:\/\/galrinho.art\/?s={search_term_string}"},"query-input":"required name=search_term_string"}],"inLanguage":"en-US"}]}},"_links":{"self":[{"href":"https:\/\/galrinho.art\/index.php\/wp-json\/wp\/v2\/pages\/23","targetHints":{"allow":["GET"]}}],"collection":[{"href":"https:\/\/galrinho.art\/index.php\/wp-json\/wp\/v2\/pages"}],"about":[{"href":"https:\/\/galrinho.art\/index.php\/wp-json\/wp\/v2\/types\/page"}],"author":[{"embeddable":true,"href":"https:\/\/galrinho.art\/index.php\/wp-json\/wp\/v2\/users\/1"}],"replies":[{"embeddable":true,"href":"https:\/\/galrinho.art\/index.php\/wp-json\/wp\/v2\/comments?post=23"}],"version-history":[{"count":8,"href":"https:\/\/galrinho.art\/index.php\/wp-json\/wp\/v2\/pages\/23\/revisions"}],"predecessor-version":[{"id":185,"href":"https:\/\/galrinho.art\/index.php\/wp-json\/wp\/v2\/pages\/23\/revisions\/185"}],"wp:attachment":[{"href":"https:\/\/galrinho.art\/index.php\/wp-json\/wp\/v2\/media?parent=23"}],"curies":[{"name":"wp","href":"https:\/\/api.w.org\/{rel}","templated":true}]}}